{"id":92,"date":"2026-02-08T18:29:16","date_gmt":"2026-02-08T18:29:16","guid":{"rendered":"https:\/\/geodadivulga.org\/geodadivulga\/?page_id=92"},"modified":"2026-02-21T22:16:57","modified_gmt":"2026-02-21T22:16:57","slug":"geodazine","status":"publish","type":"page","link":"https:\/\/geodadivulga.org\/geodadivulga\/index.php\/geodazine\/","title":{"rendered":"Geodazine"},"content":{"rendered":"\t\t<div data-elementor-type=\"wp-page\" data-elementor-id=\"92\" class=\"elementor elementor-92\">\n\t\t\t\t<div class=\"elementor-element elementor-element-222e938 e-flex e-con-boxed e-con e-parent\" data-id=\"222e938\" data-element_type=\"container\" data-e-type=\"container\">\n\t\t\t\t\t<div class=\"e-con-inner\">\n\t\t\t\t<div class=\"elementor-element elementor-element-e75c835 elementor-widget elementor-widget-image\" data-id=\"e75c835\" data-element_type=\"widget\" data-e-type=\"widget\" data-widget_type=\"image.default\">\n\t\t\t\t\t\t\t\t\t\t\t\t\t\t\t<img fetchpriority=\"high\" decoding=\"async\" width=\"1024\" height=\"358\" src=\"https:\/\/geodadivulga.org\/geodadivulga\/wp-content\/uploads\/2026\/02\/logo-geodazine@2x-1024x358.png\" class=\"attachment-large size-large wp-image-96\" alt=\"\" srcset=\"https:\/\/geodadivulga.org\/geodadivulga\/wp-content\/uploads\/2026\/02\/logo-geodazine@2x-1024x358.png 1024w, https:\/\/geodadivulga.org\/geodadivulga\/wp-content\/uploads\/2026\/02\/logo-geodazine@2x-300x105.png 300w, https:\/\/geodadivulga.org\/geodadivulga\/wp-content\/uploads\/2026\/02\/logo-geodazine@2x-768x268.png 768w, https:\/\/geodadivulga.org\/geodadivulga\/wp-content\/uploads\/2026\/02\/logo-geodazine@2x-1536x536.png 1536w, https:\/\/geodadivulga.org\/geodadivulga\/wp-content\/uploads\/2026\/02\/logo-geodazine@2x.png 1561w\" sizes=\"(max-width: 1024px) 100vw, 1024px\" \/>\t\t\t\t\t\t\t\t\t\t\t\t\t\t\t<\/div>\n\t\t\t\t<div class=\"elementor-element elementor-element-41c131c elementor-widget__width-initial elementor-widget elementor-widget-text-editor\" data-id=\"41c131c\" data-element_type=\"widget\" data-e-type=\"widget\" data-widget_type=\"text-editor.default\">\n\t\t\t\t\t\t\t\t\t<p>Esta revista es una invitaci\u00f3n a descubrir la historia de la Tierra de forma clara y cercana: paisajes, rocas, fen\u00f3menos naturales y curiosidades que explican por qu\u00e9 el mundo es como es. Una revista para leer, mirar y entender, pensada tanto para quien sabe como para quien simplemente siente curiosidad por lo que pisa.<\/p>\t\t\t\t\t\t\t\t<\/div>\n\t\t\t\t\t<\/div>\n\t\t\t\t<\/div>\n\t\t<div class=\"elementor-element elementor-element-70ce1fe e-flex e-con-boxed e-con e-parent\" data-id=\"70ce1fe\" data-element_type=\"container\" data-e-type=\"container\">\n\t\t\t\t\t<div class=\"e-con-inner\">\n\t\t\t\t<div class=\"elementor-element elementor-element-0f08cd6 elementor-widget-divider--separator-type-pattern elementor-widget-divider--view-line elementor-widget elementor-widget-divider\" data-id=\"0f08cd6\" data-element_type=\"widget\" data-e-type=\"widget\" data-widget_type=\"divider.default\">\n\t\t\t\t\t\t\t<div class=\"elementor-divider\" style=\"--divider-pattern-url: url(&quot;data:image\/svg+xml,%3Csvg xmlns=&#039;http:\/\/www.w3.org\/2000\/svg&#039; preserveAspectRatio=&#039;none&#039; overflow=&#039;visible&#039; height=&#039;100%&#039; viewBox=&#039;0 0 24 24&#039; fill=&#039;black&#039; stroke=&#039;none&#039;%3E%3Cpolygon points=&#039;9.4,2 24,2 14.6,21.6 0,21.6&#039;\/%3E%3C\/svg%3E&quot;);\">\n\t\t\t<span class=\"elementor-divider-separator\">\n\t\t\t\t\t\t<\/span>\n\t\t<\/div>\n\t\t\t\t\t\t<\/div>\n\t\t\t\t\t<\/div>\n\t\t\t\t<\/div>\n\t\t<div class=\"elementor-element elementor-element-6140262 e-flex e-con-boxed e-con e-parent\" data-id=\"6140262\" data-element_type=\"container\" data-e-type=\"container\">\n\t\t\t\t\t<div class=\"e-con-inner\">\n\t\t<div class=\"elementor-element elementor-element-9eb3494 e-con-full e-flex e-con e-child\" data-id=\"9eb3494\" data-element_type=\"container\" data-e-type=\"container\">\n\t\t\t\t<div class=\"elementor-element elementor-element-331d5c4 e-transform e-transform elementor-widget elementor-widget-image\" data-id=\"331d5c4\" data-element_type=\"widget\" data-e-type=\"widget\" data-settings=\"{&quot;_transform_rotateZ_effect_hover&quot;:{&quot;unit&quot;:&quot;px&quot;,&quot;size&quot;:1,&quot;sizes&quot;:[]},&quot;_transform_scale_effect_hover&quot;:{&quot;unit&quot;:&quot;px&quot;,&quot;size&quot;:1.0300000000000000266453525910037569701671600341796875,&quot;sizes&quot;:[]},&quot;_transform_rotateZ_effect_hover_tablet&quot;:{&quot;unit&quot;:&quot;deg&quot;,&quot;size&quot;:&quot;&quot;,&quot;sizes&quot;:[]},&quot;_transform_rotateZ_effect_hover_mobile&quot;:{&quot;unit&quot;:&quot;deg&quot;,&quot;size&quot;:&quot;&quot;,&quot;sizes&quot;:[]},&quot;_transform_scale_effect_hover_tablet&quot;:{&quot;unit&quot;:&quot;px&quot;,&quot;size&quot;:&quot;&quot;,&quot;sizes&quot;:[]},&quot;_transform_scale_effect_hover_mobile&quot;:{&quot;unit&quot;:&quot;px&quot;,&quot;size&quot;:&quot;&quot;,&quot;sizes&quot;:[]}}\" data-widget_type=\"image.default\">\n\t\t\t\t\t\t\t\t\t\t\t\t\t\t\t\t<a href=\"https:\/\/sge.usal.es\/archivos\/Geodazine\/geodazine_1_julio2021.pdf\" target=\"_blank\">\n\t\t\t\t\t\t\t<img decoding=\"async\" width=\"724\" height=\"1024\" src=\"https:\/\/geodadivulga.org\/geodadivulga\/wp-content\/uploads\/2026\/02\/PORTADA-GEODA_FINAL-724x1024.png\" class=\"attachment-large size-large wp-image-94\" alt=\"\" srcset=\"https:\/\/geodadivulga.org\/geodadivulga\/wp-content\/uploads\/2026\/02\/PORTADA-GEODA_FINAL-724x1024.png 724w, https:\/\/geodadivulga.org\/geodadivulga\/wp-content\/uploads\/2026\/02\/PORTADA-GEODA_FINAL-212x300.png 212w, https:\/\/geodadivulga.org\/geodadivulga\/wp-content\/uploads\/2026\/02\/PORTADA-GEODA_FINAL-768x1086.png 768w, https:\/\/geodadivulga.org\/geodadivulga\/wp-content\/uploads\/2026\/02\/PORTADA-GEODA_FINAL-scaled.png 1810w\" sizes=\"(max-width: 724px) 100vw, 724px\" \/>\t\t\t\t\t\t\t\t<\/a>\n\t\t\t\t\t\t\t\t\t\t\t\t\t\t\t<\/div>\n\t\t\t\t<\/div>\n\t\t<div class=\"elementor-element elementor-element-f702ee7 e-con-full e-flex e-con e-child\" data-id=\"f702ee7\" data-element_type=\"container\" data-e-type=\"container\">\n\t\t\t\t<div class=\"elementor-element elementor-element-f125e69 elementor-widget elementor-widget-text-editor\" data-id=\"f125e69\" data-element_type=\"widget\" data-e-type=\"widget\" data-widget_type=\"text-editor.default\">\n\t\t\t\t\t\t\t\t\t<p style=\"text-align: right;\"><i>JULIO 2021<\/i><\/p>\t\t\t\t\t\t\t\t<\/div>\n\t\t\t\t<div class=\"elementor-element elementor-element-9907bd2 e-transform elementor-widget elementor-widget-heading\" data-id=\"9907bd2\" data-element_type=\"widget\" data-e-type=\"widget\" data-settings=\"{&quot;_transform_scale_effect_hover&quot;:{&quot;unit&quot;:&quot;px&quot;,&quot;size&quot;:1.0100000000000000088817841970012523233890533447265625,&quot;sizes&quot;:[]},&quot;_transform_scale_effect_hover_tablet&quot;:{&quot;unit&quot;:&quot;px&quot;,&quot;size&quot;:&quot;&quot;,&quot;sizes&quot;:[]},&quot;_transform_scale_effect_hover_mobile&quot;:{&quot;unit&quot;:&quot;px&quot;,&quot;size&quot;:&quot;&quot;,&quot;sizes&quot;:[]}}\" data-widget_type=\"heading.default\">\n\t\t\t\t\t<h2 class=\"elementor-heading-title elementor-size-default\"><a href=\"https:\/\/sge.usal.es\/archivos\/Geodazine\/geodazine_1_julio2021.pdf\" target=\"_blank\">N\u00ba1: \u00bfSe han vuelto locos los volcanes?<\/a><\/h2>\t\t\t\t<\/div>\n\t\t\t\t<div class=\"elementor-element elementor-element-f8b0fa0 elementor-widget elementor-widget-text-editor\" data-id=\"f8b0fa0\" data-element_type=\"widget\" data-e-type=\"widget\" data-widget_type=\"text-editor.default\">\n\t\t\t\t\t\t\t\t\t<p><strong>&#8211; Marte a la carrera: <\/strong><em>Nah\u00fam M\u00e9ndez<\/em><br \/><strong>&#8211; Troya y el conflicto eterno: <\/strong><em>Rub\u00e9n Aguayo<br \/><strong>&#8211;\u00a0<\/strong><\/em><strong>Florence Bascon:<\/strong> <em>D\u00e1nae Sanz<\/em><br \/><strong>&#8211; La emancipaci\u00f3n del Antropoceno<\/strong>: <em>Ainara Rodr\u00edguez y Luis Collantes<\/em><br \/><strong>&#8211; \u00bfSe han vuelto loco los volcanes?:<\/strong> <em>Olaya Dorado<\/em><br \/><strong>&#8211; Drones en Geolog\u00eda:<\/strong> <em>Fernando Borr\u00e1s y Joaqu\u00edn Hopfenblatt<\/em><br \/><strong>&#8211; 1 hora aqu\u00ed son 7 Ma en la Tierra:<\/strong> <em>Manel Ramos<\/em><br \/><strong>&#8211; El Xenolito Maldito<\/strong>: <em>Noah Schamuells y Arez<\/em><br \/><strong>&#8211; Rese\u00f1a: El d\u00eda de ma\u00f1ana:<\/strong> <em>Ra\u00fal Pradana<\/em><br \/><strong>&#8211; Geofotograf\u00edas:<\/strong> <em>Lara Sanmart\u00ed, Imanol L\u00f3pez y B\u00e1rbara Casas<\/em><br \/><strong>&#8211; Geolog\u00eda Literal:<\/strong> <em>Rub\u00e9n Aguayo feat. La Roca Filosofal<\/em><br \/><strong>&#8211; Pasatiempos y Roc\u00f3scopo<\/strong><br \/><strong>&#8211; Momentos Divulgativos:<\/strong> <em>Germ\u00e1n S\u00e1nchez<br \/><\/em><\/p><p><em>*Este n\u00famero fue editado por la SGE.<\/em><\/p>\t\t\t\t\t\t\t\t<\/div>\n\t\t\t\t<\/div>\n\t\t\t\t\t<\/div>\n\t\t\t\t<\/div>\n\t\t<div class=\"elementor-element elementor-element-3ca85ad e-flex e-con-boxed e-con e-parent\" data-id=\"3ca85ad\" data-element_type=\"container\" data-e-type=\"container\">\n\t\t\t\t\t<div class=\"e-con-inner\">\n\t\t\t\t<div class=\"elementor-element elementor-element-a3845c6 elementor-widget-divider--separator-type-pattern elementor-widget-divider--view-line elementor-widget elementor-widget-divider\" data-id=\"a3845c6\" data-element_type=\"widget\" data-e-type=\"widget\" data-widget_type=\"divider.default\">\n\t\t\t\t\t\t\t<div class=\"elementor-divider\" style=\"--divider-pattern-url: url(&quot;data:image\/svg+xml,%3Csvg xmlns=&#039;http:\/\/www.w3.org\/2000\/svg&#039; preserveAspectRatio=&#039;none&#039; overflow=&#039;visible&#039; height=&#039;100%&#039; viewBox=&#039;0 0 24 24&#039; fill=&#039;black&#039; stroke=&#039;none&#039;%3E%3Cpolygon points=&#039;9.4,2 24,2 14.6,21.6 0,21.6&#039;\/%3E%3C\/svg%3E&quot;);\">\n\t\t\t<span class=\"elementor-divider-separator\">\n\t\t\t\t\t\t<\/span>\n\t\t<\/div>\n\t\t\t\t\t\t<\/div>\n\t\t\t\t\t<\/div>\n\t\t\t\t<\/div>\n\t\t<div class=\"elementor-element elementor-element-163880d e-flex e-con-boxed e-con e-parent\" data-id=\"163880d\" data-element_type=\"container\" data-e-type=\"container\">\n\t\t\t\t\t<div class=\"e-con-inner\">\n\t\t<div class=\"elementor-element elementor-element-d596c0f e-con-full e-flex e-con e-child\" data-id=\"d596c0f\" data-element_type=\"container\" data-e-type=\"container\">\n\t\t\t\t<div class=\"elementor-element elementor-element-88ae819 e-transform e-transform elementor-widget elementor-widget-image\" data-id=\"88ae819\" data-element_type=\"widget\" data-e-type=\"widget\" data-settings=\"{&quot;_transform_rotateZ_effect_hover&quot;:{&quot;unit&quot;:&quot;px&quot;,&quot;size&quot;:1,&quot;sizes&quot;:[]},&quot;_transform_scale_effect_hover&quot;:{&quot;unit&quot;:&quot;px&quot;,&quot;size&quot;:1.0300000000000000266453525910037569701671600341796875,&quot;sizes&quot;:[]},&quot;_transform_rotateZ_effect_hover_tablet&quot;:{&quot;unit&quot;:&quot;deg&quot;,&quot;size&quot;:&quot;&quot;,&quot;sizes&quot;:[]},&quot;_transform_rotateZ_effect_hover_mobile&quot;:{&quot;unit&quot;:&quot;deg&quot;,&quot;size&quot;:&quot;&quot;,&quot;sizes&quot;:[]},&quot;_transform_scale_effect_hover_tablet&quot;:{&quot;unit&quot;:&quot;px&quot;,&quot;size&quot;:&quot;&quot;,&quot;sizes&quot;:[]},&quot;_transform_scale_effect_hover_mobile&quot;:{&quot;unit&quot;:&quot;px&quot;,&quot;size&quot;:&quot;&quot;,&quot;sizes&quot;:[]}}\" data-widget_type=\"image.default\">\n\t\t\t\t\t\t\t\t\t\t\t\t\t\t\t\t<a href=\"https:\/\/geodadivulga.org\/geodadivulga\/wp-content\/uploads\/2026\/02\/02_GEODAZINE_2026_febrero.pdf\" target=\"_blank\">\n\t\t\t\t\t\t\t<img decoding=\"async\" width=\"768\" height=\"1086\" src=\"https:\/\/geodadivulga.org\/geodadivulga\/wp-content\/uploads\/2026\/02\/PORTADA-REVISTA-2025-reduced-scaled.jpg\" class=\"attachment-medium_large size-medium_large wp-image-126\" alt=\"\" srcset=\"https:\/\/geodadivulga.org\/geodadivulga\/wp-content\/uploads\/2026\/02\/PORTADA-REVISTA-2025-reduced-scaled.jpg 1810w, https:\/\/geodadivulga.org\/geodadivulga\/wp-content\/uploads\/2026\/02\/PORTADA-REVISTA-2025-reduced-212x300.jpg 212w\" sizes=\"(max-width: 768px) 100vw, 768px\" \/>\t\t\t\t\t\t\t\t<\/a>\n\t\t\t\t\t\t\t\t\t\t\t\t\t\t\t<\/div>\n\t\t\t\t<\/div>\n\t\t<div class=\"elementor-element elementor-element-d4ebb3d e-con-full e-flex e-con e-child\" data-id=\"d4ebb3d\" data-element_type=\"container\" data-e-type=\"container\">\n\t\t\t\t<div class=\"elementor-element elementor-element-b4a1265 elementor-widget elementor-widget-text-editor\" data-id=\"b4a1265\" data-element_type=\"widget\" data-e-type=\"widget\" data-widget_type=\"text-editor.default\">\n\t\t\t\t\t\t\t\t\t<p style=\"text-align: right;\"><em>FEBRERO 2026<\/em><\/p>\t\t\t\t\t\t\t\t<\/div>\n\t\t\t\t<div class=\"elementor-element elementor-element-7e6be66 e-transform elementor-widget elementor-widget-heading\" data-id=\"7e6be66\" data-element_type=\"widget\" data-e-type=\"widget\" data-settings=\"{&quot;_transform_scale_effect_hover&quot;:{&quot;unit&quot;:&quot;px&quot;,&quot;size&quot;:1.0100000000000000088817841970012523233890533447265625,&quot;sizes&quot;:[]},&quot;_transform_scale_effect_hover_tablet&quot;:{&quot;unit&quot;:&quot;px&quot;,&quot;size&quot;:&quot;&quot;,&quot;sizes&quot;:[]},&quot;_transform_scale_effect_hover_mobile&quot;:{&quot;unit&quot;:&quot;px&quot;,&quot;size&quot;:&quot;&quot;,&quot;sizes&quot;:[]}}\" data-widget_type=\"heading.default\">\n\t\t\t\t\t<h2 class=\"elementor-heading-title elementor-size-default\"><a href=\"https:\/\/geodadivulga.org\/geodadivulga\/wp-content\/uploads\/2026\/02\/02_GEODAZINE_2026_febrero.pdf\" target=\"_blank\">N\u00ba2: La Geolog\u00eda es importante<\/a><\/h2>\t\t\t\t<\/div>\n\t\t\t\t<div class=\"elementor-element elementor-element-d72e7da elementor-widget elementor-widget-text-editor\" data-id=\"d72e7da\" data-element_type=\"widget\" data-e-type=\"widget\" data-widget_type=\"text-editor.default\">\n\t\t\t\t\t\t\t\t\t<p><strong>&#8211; El drag\u00f3n del flysch <\/strong><em>Ekobideak<\/em><br \/><strong>&#8211; La geopol\u00edtica era esto: <\/strong><em>Marta P\u00e9rez Folgado y Noah Schamuells<br \/><strong>&#8211;\u00a0<\/strong><\/em><strong>Marie Tharp:<\/strong> <em>D\u00e1nae Sanz<\/em><br \/><strong>&#8211; Mam\u00e1, quiero ser paleont\u00f3loga:<\/strong>\u00a0<em>Iria Segarra<\/em><br \/><strong>&#8211; Geoquedada 2025: Arribes del Duero:<\/strong> <em>Raquel Mart\u00ednez-Cant\u00f3<\/em><br \/><strong>&#8211; Geoparque Las Loras:<\/strong> <em>Jos\u00e9 \u00c1ngel S\u00e1nchez Fabi\u00e1n<\/em><br \/><strong>&#8211; 20 a\u00f1os de Geolod\u00eda: <\/strong><em>Raquel Mart\u00ednez-Cant\u00f3 y Daniel Hern\u00e1ndez-Barre\u00f1a<\/em><br \/><strong>&#8211; La Geolog\u00eda importa:<\/strong> <em>Luna Adrados<\/em><br \/><strong>&#8211; Darwin, el ge\u00f3logo:<\/strong> <em>Daniel Hern\u00e1ndez-Barre\u00f1a y Rub\u00e9n Aguayo<br \/><\/em><strong>&#8211; Rese\u00f1a: 2012:<\/strong><em> Ra\u00fal Pradana<\/em><br \/><strong>&#8211; Geofotograf\u00edas:<\/strong> <em>Raquel Mart\u00ednez-Cant\u00f3<\/em><br \/><strong>&#8211; Pasatiempos y Roc\u00f3scopo<\/strong><br \/><strong>&#8211; Momentos Divulgativos:<\/strong> <em>Daniel Hern\u00e1ndez Barre\u00f1a<br \/><\/em><strong>&#8211; Geolog\u00eda Literal:<\/strong> <em>Rub\u00e9n Aguayo<\/em><em><br \/><\/em><\/p>\t\t\t\t\t\t\t\t<\/div>\n\t\t\t\t<\/div>\n\t\t\t\t\t<\/div>\n\t\t\t\t<\/div>\n\t\t<div class=\"elementor-element elementor-element-03bf4e3 e-flex e-con-boxed e-con e-parent\" data-id=\"03bf4e3\" data-element_type=\"container\" data-e-type=\"container\">\n\t\t\t\t\t<div class=\"e-con-inner\">\n\t\t\t\t<div class=\"elementor-element elementor-element-80e8f4e elementor-widget-divider--separator-type-pattern elementor-widget-divider--view-line elementor-widget elementor-widget-divider\" data-id=\"80e8f4e\" data-element_type=\"widget\" data-e-type=\"widget\" data-widget_type=\"divider.default\">\n\t\t\t\t\t\t\t<div class=\"elementor-divider\" style=\"--divider-pattern-url: url(&quot;data:image\/svg+xml,%3Csvg xmlns=&#039;http:\/\/www.w3.org\/2000\/svg&#039; preserveAspectRatio=&#039;none&#039; overflow=&#039;visible&#039; height=&#039;100%&#039; viewBox=&#039;0 0 24 24&#039; fill=&#039;black&#039; stroke=&#039;none&#039;%3E%3Cpolygon points=&#039;9.4,2 24,2 14.6,21.6 0,21.6&#039;\/%3E%3C\/svg%3E&quot;);\">\n\t\t\t<span class=\"elementor-divider-separator\">\n\t\t\t\t\t\t<\/span>\n\t\t<\/div>\n\t\t\t\t\t\t<\/div>\n\t\t\t\t<div class=\"elementor-element elementor-element-9b066bc elementor-widget elementor-widget-spacer\" data-id=\"9b066bc\" data-element_type=\"widget\" data-e-type=\"widget\" data-widget_type=\"spacer.default\">\n\t\t\t\t\t\t\t<div class=\"elementor-spacer\">\n\t\t\t<div class=\"elementor-spacer-inner\"><\/div>\n\t\t<\/div>\n\t\t\t\t\t\t<\/div>\n\t\t\t\t\t<\/div>\n\t\t\t\t<\/div>\n\t\t\t\t<\/div>\n\t\t","protected":false},"excerpt":{"rendered":"<p>Esta revista es una invitaci\u00f3n a descubrir la historia de la Tierra de forma clara y cercana: paisajes, rocas, fen\u00f3menos [&hellip;]<\/p>\n","protected":false},"author":1,"featured_media":0,"parent":0,"menu_order":0,"comment_status":"closed","ping_status":"closed","template":"","meta":{"_monsterinsights_skip_tracking":false,"_monsterinsights_sitenote_active":false,"_monsterinsights_sitenote_note":"","_monsterinsights_sitenote_category":0,"site-sidebar-layout":"no-sidebar","site-content-layout":"","ast-site-content-layout":"full-width-container","site-content-style":"default","site-sidebar-style":"default","ast-global-header-display":"","ast-banner-title-visibility":"","ast-main-header-display":"","ast-hfb-above-header-display":"","ast-hfb-below-header-display":"","ast-hfb-mobile-header-display":"","site-post-title":"","ast-breadcrumbs-content":"","ast-featured-img":"disabled","footer-sml-layout":"","ast-disable-related-posts":"","theme-transparent-header-meta":"","adv-header-id-meta":"","stick-header-meta":"","header-above-stick-meta":"","header-main-stick-meta":"","header-below-stick-meta":"","astra-migrate-meta-layouts":"default","ast-page-background-enabled":"default","ast-page-background-meta":{"desktop":{"background-color":"var(--ast-global-color-5)","background-image":"","background-repeat":"repeat","background-position":"center center","background-size":"auto","background-attachment":"scroll","background-type":"","background-media":"","overlay-type":"","overlay-color":"","overlay-opacity":"","overlay-gradient":""},"tablet":{"background-color":"","background-image":"","background-repeat":"repeat","background-position":"center center","background-size":"auto","background-attachment":"scroll","background-type":"","background-media":"","overlay-type":"","overlay-color":"","overlay-opacity":"","overlay-gradient":""},"mobile":{"background-color":"","background-image":"","background-repeat":"repeat","background-position":"center center","background-size":"auto","background-attachment":"scroll","background-type":"","background-media":"","overlay-type":"","overlay-color":"","overlay-opacity":"","overlay-gradient":""}},"ast-content-background-meta":{"desktop":{"background-color":"var(--ast-global-color-4)","background-image":"","background-repeat":"repeat","background-position":"center center","background-size":"auto","background-attachment":"scroll","background-type":"","background-media":"","overlay-type":"","overlay-color":"","overlay-opacity":"","overlay-gradient":""},"tablet":{"background-color":"var(--ast-global-color-4)","background-image":"","background-repeat":"repeat","background-position":"center center","background-size":"auto","background-attachment":"scroll","background-type":"","background-media":"","overlay-type":"","overlay-color":"","overlay-opacity":"","overlay-gradient":""},"mobile":{"background-color":"var(--ast-global-color-4)","background-image":"","background-repeat":"repeat","background-position":"center center","background-size":"auto","background-attachment":"scroll","background-type":"","background-media":"","overlay-type":"","overlay-color":"","overlay-opacity":"","overlay-gradient":""}},"footnotes":""},"class_list":["post-92","page","type-page","status-publish","hentry"],"_links":{"self":[{"href":"https:\/\/geodadivulga.org\/geodadivulga\/index.php\/wp-json\/wp\/v2\/pages\/92","targetHints":{"allow":["GET"]}}],"collection":[{"href":"https:\/\/geodadivulga.org\/geodadivulga\/index.php\/wp-json\/wp\/v2\/pages"}],"about":[{"href":"https:\/\/geodadivulga.org\/geodadivulga\/index.php\/wp-json\/wp\/v2\/types\/page"}],"author":[{"embeddable":true,"href":"https:\/\/geodadivulga.org\/geodadivulga\/index.php\/wp-json\/wp\/v2\/users\/1"}],"replies":[{"embeddable":true,"href":"https:\/\/geodadivulga.org\/geodadivulga\/index.php\/wp-json\/wp\/v2\/comments?post=92"}],"version-history":[{"count":71,"href":"https:\/\/geodadivulga.org\/geodadivulga\/index.php\/wp-json\/wp\/v2\/pages\/92\/revisions"}],"predecessor-version":[{"id":454,"href":"https:\/\/geodadivulga.org\/geodadivulga\/index.php\/wp-json\/wp\/v2\/pages\/92\/revisions\/454"}],"wp:attachment":[{"href":"https:\/\/geodadivulga.org\/geodadivulga\/index.php\/wp-json\/wp\/v2\/media?parent=92"}],"curies":[{"name":"wp","href":"https:\/\/api.w.org\/{rel}","templated":true}]}}